{"id":2230,"date":"2023-10-03T13:30:11","date_gmt":"2023-10-03T13:30:11","guid":{"rendered":"https:\/\/agnestiollier.com\/wp\/?page_id=2230"},"modified":"2025-08-10T18:25:12","modified_gmt":"2025-08-10T18:25:12","slug":"a-propos","status":"publish","type":"page","link":"https:\/\/agnestiollier.com\/wp\/a-propos\/","title":{"rendered":"\u00e0-propos"},"content":{"rendered":"\n\n\n\n\r\n<p>mes actualit\u00e9s<\/p>\r\n\n\n\n\n\n\n\n<p><span style=\"vertical-align: inherit;\"><span style=\"vertical-align: inherit;\"><font style=\"vertical-align: inherit;\"><font style=\"vertical-align: inherit;\"><font style=\"vertical-align: inherit;\"><font style=\"vertical-align: inherit;\">Je vous invite \u00e0 d\u00e9couvrir mes derni\u00e8res actualit\u00e9s &#8211; L&rsquo;exposition \u00a0\u00bb Miniatures Naturelles\u00a0\u00bb , exposition collective d&rsquo; Art Field, \u00e0 la Galerie Vivienne, dans laquelle je pr\u00e9sente deux pastels dont celui de l&rsquo;affiche.<\/font><\/font><\/font><\/font><\/span><\/span><\/p>\n<p><a href=\"https:\/\/www.youtube.com\/watch?v=lP8s8rH_kso\">https:\/\/www.youtube.com\/watch?v=lP8s8rH_kso<\/a><\/p>\n<p><span style=\"vertical-align: inherit;\"><span style=\"vertical-align: inherit;\"><font style=\"vertical-align: inherit;\"><font style=\"vertical-align: inherit;\">Enfin .partager avec vous un peu de mon travail artistique, notamment pourquoi le choix du Pastel ou de l&rsquo;huile .. .<\/font><\/font><\/span><\/span><\/p>\n\n\n\n\n\n\n\n\n\r\n<p>une biographie<\/p>\r\n\n\n\n\n\r\n<p style=\"text-align: right;\"><span style=\"font-size: 20px; color: #ffffff;\"><strong style=\"line-height: 1;\">LOREM CORPORATE CEO<\/strong><\/span><\/p>\r\n<p style=\"text-align: center;\"><span style=\"color: #ffffff;\">Duis aute irure dolor in reprehenderit in voluptate velit esse cillum dolore eu fugiat nulla pariatur. Excepteur sint occaecat cupidatat non proident, sunt in culpa qui officia deserunt mollit anim id est laborum.<\/span><\/p>\r\n<p style=\"text-align: left;\">\u00a0 \u00a0 \u00a0 <span style=\"line-height: 2.0;\">Benn Marshall<\/span><\/p>\r\n\n\n\n\r\n<p>C&rsquo;est au plus pr\u00e8s de la nature qu&rsquo; Agn\u00e8s Tiollier trouve le sujet de ses toiles et l&rsquo;intensit\u00e9 lumineuse de celles-\u00e7i semble t\u00e9moigner d&rsquo;un regard ou l&rsquo;\u00e9merveillement reste intact face au spectacle du monde qui nous entoure &#8230;<\/p>\r\n\n\n\n\n\n\n\n\n\n\r\n<p>EXPOSITIONS<\/p>\r\n\n\n\n\n\r\n<p style=\"text-align: right;\"><span style=\"font-size: 20px; color: #ffffff;\"><strong style=\"line-height: 1;\">LOREM CORPORATE CEO<\/strong><\/span><\/p>\r\n<p style=\"text-align: center;\"><span style=\"color: #ffffff;\">Duis aute irure dolor in reprehenderit in voluptate velit esse cillum dolore eu fugiat nulla pariatur. Excepteur sint occaecat cupidatat non proident, sunt in culpa qui officia deserunt mollit anim id est laborum.<\/span><\/p>\r\n<p style=\"text-align: left;\">\u00a0 \u00a0 \u00a0 <span style=\"line-height: 2.0;\">Benn Marshall<\/span><\/p>\r\n\n\n\n\r\n<p>Retrouvez mes derni\u00e8res expositions &#8230;<\/p>\r\n\n\n\n\n\n\n\n\n\n\r\n<p>PRESSE<\/p>\r\n\n\n\n\n\r\n<p style=\"text-align: right;\"><span style=\"font-size: 20px; color: #ffffff;\"><strong style=\"line-height: 1;\">LOREM CORPORATE CEO<\/strong><\/span><\/p>\r\n<p style=\"text-align: center;\"><span style=\"color: #ffffff;\">Duis aute irure dolor in reprehenderit in voluptate velit esse cillum dolore eu fugiat nulla pariatur. Excepteur sint occaecat cupidatat non proident, sunt in culpa qui officia deserunt mollit anim id est laborum.<\/span><\/p>\r\n<p style=\"text-align: left;\">\u00a0 \u00a0 \u00a0 <span style=\"line-height: 2.0;\">Benn Marshall<\/span><\/p>\r\n\n\n\n\r\n<p>Retrouvez mes articles de presse &#8230;<\/p>\r\n\n\n\n\n\n\n\n\n\n\n\n\n\n\n\n\n\n\n\n\n\n\n\n\r\n<p>HOME<\/p>\r\n\n\r\n<p><a href=\"https:\/\/agnestiollier.com\/wp\/galerie-actualites\/\">actualit\u00e9s<\/a><\/p>\r\n\n\r\n<p><a href=\"https:\/\/agnestiollier.com\/wp\/a-propos\/galerie-biographie\/\">biographie<\/a><\/p>\r\n\n\r\n<p><a href=\"https:\/\/agnestiollier.com\/wp\/a-propos\/galerie-expos\/\">expositions<\/a><\/p>\r\n\n\r\n<p><a href=\"https:\/\/agnestiollier.com\/wp\/galerie-presse\/\">presse<\/a><\/p>\r\n\n\n\n\n\n\r\n<p>GALERIES<\/p>\r\n\n\r\n<p>bassins<\/p>\r\n\n\r\n<p>fleurs<\/p>\r\n\n\r\n<p>jardins<\/p>\r\n\n\r\n<p>Majorelle<\/p>\r\n\n\r\n<p>la mer<\/p>\r\n\n\r\n<p>paysages<\/p>\r\n\n\r\n<p>compositions<\/p>\r\n\n\n\n\n\n<p>ACHETER<\/p>\n<p>BelArt gallery<\/p>\n<p>Artsper<\/p>\n<br>\nCotation &#8211; Adagp\n\n\n\n\n\r\n<p>ME SUIVRE<\/p>\r\n\n\r\n<p>Facebook<\/p>\r\n\n\r\n<p>Instagram<\/p>\r\n\n\r\n<p>Linkedin<\/p>\r\n\n\n\n\n\n\n\n\r\n<p>\u00a9Agn\u00e8s TIOLLIER &#8211; 2023<\/p>\r\n\n\n\n\n\n\n\n\n\n\n","protected":false},"excerpt":{"rendered":"","protected":false},"author":3,"featured_media":0,"parent":0,"menu_order":0,"comment_status":"closed","ping_status":"closed","template":"","meta":{"pagelayer_contact_templates":[],"_pagelayer_content":"","footnotes":""},"class_list":["post-2230","page","type-page","status-publish","hentry"],"aioseo_notices":[],"_links":{"self":[{"href":"https:\/\/agnestiollier.com\/wp\/wp-json\/wp\/v2\/pages\/2230","targetHints":{"allow":["GET"]}}],"collection":[{"href":"https:\/\/agnestiollier.com\/wp\/wp-json\/wp\/v2\/pages"}],"about":[{"href":"https:\/\/agnestiollier.com\/wp\/wp-json\/wp\/v2\/types\/page"}],"author":[{"embeddable":true,"href":"https:\/\/agnestiollier.com\/wp\/wp-json\/wp\/v2\/users\/3"}],"replies":[{"embeddable":true,"href":"https:\/\/agnestiollier.com\/wp\/wp-json\/wp\/v2\/comments?post=2230"}],"version-history":[{"count":43,"href":"https:\/\/agnestiollier.com\/wp\/wp-json\/wp\/v2\/pages\/2230\/revisions"}],"predecessor-version":[{"id":3181,"href":"https:\/\/agnestiollier.com\/wp\/wp-json\/wp\/v2\/pages\/2230\/revisions\/3181"}],"wp:attachment":[{"href":"https:\/\/agnestiollier.com\/wp\/wp-json\/wp\/v2\/media?parent=2230"}],"curies":[{"name":"wp","href":"https:\/\/api.w.org\/{rel}","templated":true}]}}